{"id":4212,"date":"2022-07-19T13:06:24","date_gmt":"2022-07-19T13:06:24","guid":{"rendered":"https:\/\/fliegender-figaro.ch\/?page_id=4212"},"modified":"2024-03-04T17:30:56","modified_gmt":"2024-03-04T17:30:56","slug":"home","status":"publish","type":"page","link":"https:\/\/fliegender-figaro.ch\/","title":{"rendered":"HOME"},"content":{"rendered":"\t\t<div data-elementor-type=\"wp-page\" data-elementor-id=\"4212\" class=\"elementor elementor-4212\" data-elementor-post-type=\"page\">\n\t\t\t\t\t\t<section class=\"elementor-section elementor-top-section elementor-element elementor-element-03a0850 elementor-section-full_width elementor-section-height-full elementor-section-height-default elementor-section-items-middle\" data-id=\"03a0850\" data-element_type=\"section\" data-settings=\"{&quot;background_background&quot;:&quot;classic&quot;}\">\n\t\t\t\t\t\t<div class=\"elementor-container elementor-column-gap-no\">\n\t\t\t\t\t<div class=\"elementor-column elementor-col-100 elementor-top-column elementor-element elementor-element-085a31b\" data-id=\"085a31b\" data-element_type=\"column\">\n\t\t\t<div class=\"elementor-widget-wrap elementor-element-populated\">\n\t\t\t\t\t\t<div class=\"elementor-element elementor-element-8c6db85 elementor-widget elementor-widget-heading\" data-id=\"8c6db85\" data-element_type=\"widget\" data-widget_type=\"heading.default\">\n\t\t\t\t<div class=\"elementor-widget-container\">\n\t\t\t<style>\/*! elementor - v3.21.0 - 18-04-2024 *\/\n.elementor-heading-title{padding:0;margin:0;line-height:1}.elementor-widget-heading .elementor-heading-title[class*=elementor-size-]>a{color:inherit;font-size:inherit;line-height:inherit}.elementor-widget-heading .elementor-heading-title.elementor-size-small{font-size:15px}.elementor-widget-heading .elementor-heading-title.elementor-size-medium{font-size:19px}.elementor-widget-heading .elementor-heading-title.elementor-size-large{font-size:29px}.elementor-widget-heading .elementor-heading-title.elementor-size-xl{font-size:39px}.elementor-widget-heading .elementor-heading-title.elementor-size-xxl{font-size:59px}<\/style><h1 class=\"elementor-heading-title elementor-size-default\">HOME<\/h1>\t\t<\/div>\n\t\t\t\t<\/div>\n\t\t\t\t<div class=\"elementor-element elementor-element-a8fe527 elementor-widget elementor-widget-heading\" data-id=\"a8fe527\" data-element_type=\"widget\" data-widget_type=\"heading.default\">\n\t\t\t\t<div class=\"elementor-widget-container\">\n\t\t\t<h5 class=\"elementor-heading-title elementor-size-default\">FIGARO - SEIT 1985<\/h5>\t\t<\/div>\n\t\t\t\t<\/div>\n\t\t\t\t<div class=\"elementor-element elementor-element-bbeb8b2 elementor-widget elementor-widget-heading\" data-id=\"bbeb8b2\" data-element_type=\"widget\" data-widget_type=\"heading.default\">\n\t\t\t\t<div class=\"elementor-widget-container\">\n\t\t\t<h1 class=\"elementor-heading-title elementor-size-default\">BENVENUTO<\/h1>\t\t<\/div>\n\t\t\t\t<\/div>\n\t\t\t\t<div class=\"elementor-element elementor-element-d6c4896 elementor-widget elementor-widget-text-editor\" data-id=\"d6c4896\" data-element_type=\"widget\" data-widget_type=\"text-editor.default\">\n\t\t\t\t<div class=\"elementor-widget-container\">\n\t\t\t<style>\/*! elementor - v3.21.0 - 18-04-2024 *\/\n.elementor-widget-text-editor.elementor-drop-cap-view-stacked .elementor-drop-cap{background-color:#69727d;color:#fff}.elementor-widget-text-editor.elementor-drop-cap-view-framed .elementor-drop-cap{color:#69727d;border:3px solid;background-color:transparent}.elementor-widget-text-editor:not(.elementor-drop-cap-view-default) .elementor-drop-cap{margin-top:8px}.elementor-widget-text-editor:not(.elementor-drop-cap-view-default) .elementor-drop-cap-letter{width:1em;height:1em}.elementor-widget-text-editor .elementor-drop-cap{float:left;text-align:center;line-height:1;font-size:50px}.elementor-widget-text-editor .elementor-drop-cap-letter{display:inline-block}<\/style>\t\t\t\t<p>Herzlich Willkommen bei Fliegender Figaro! Sch\u00f6n, dass du zu mir gefunden hast. Mit den neusten Trends aus Milano, New York, Paris und London freue ich mich dich als Gast mit exzellenten Sch\u00f6nheitsdienstleistungen zu verw\u00f6hnen. Ob im Salon oder zu Hause freu dich auf mein Handwerk auf h\u00f6chstem Niveau gepaart mit ganz viel italienischem Charme.<\/p>\t\t\t\t\t\t<\/div>\n\t\t\t\t<\/div>\n\t\t\t\t<div class=\"elementor-element elementor-element-1ca37dd elementor-widget elementor-widget-heading\" data-id=\"1ca37dd\" data-element_type=\"widget\" data-widget_type=\"heading.default\">\n\t\t\t\t<div class=\"elementor-widget-container\">\n\t\t\t<h2 class=\"elementor-heading-title elementor-size-default\">love is in the hair<\/h2>\t\t<\/div>\n\t\t\t\t<\/div>\n\t\t\t\t\t<\/div>\n\t\t<\/div>\n\t\t\t\t\t<\/div>\n\t\t<\/section>\n\t\t\t\t<\/div>\n\t\t","protected":false},"excerpt":{"rendered":"<p>HOME FIGARO &#8211; SEIT 1985 BENVENUTO Herzlich Willkommen bei Fliegender Figaro! Sch\u00f6n, dass du zu mir gefunden hast. Mit den neusten Trends aus Milano, New York, Paris und London freue ich mich dich als Gast mit exzellenten Sch\u00f6nheitsdienstleistungen zu verw\u00f6hnen. Ob im Salon oder zu Hause freu dich auf mein Handwerk auf h\u00f6chstem Niveau gepaart [&hellip;]<\/p>\n","protected":false},"author":2,"featured_media":4016,"parent":0,"menu_order":0,"comment_status":"closed","ping_status":"closed","template":"","meta":{"footnotes":""},"class_list":["post-4212","page","type-page","status-publish","has-post-thumbnail","hentry"],"yoast_head":"<!-- This site is optimized with the Yoast SEO plugin v22.5 - https:\/\/yoast.com\/wordpress\/plugins\/seo\/ -->\n<title>Fliegender Figaro Z\u00fcrich<\/title>\n<meta name=\"description\" content=\"Herzlich Willkommen bei Fliegender Figaro! Sch\u00f6n, dass du zu mir gefunden hast. Mit den neusten Trends aus Milano, New York, Paris und London freue ich mich dich als Gast mit exzellenten Sch\u00f6nheitsdienstleistungen zu verw\u00f6hnen. Ob im Salon oder zu Hause freu dich auf mein Handwerk auf h\u00f6chstem Niveau gepaart mit ganz viel italienischem Charme.\" \/>\n<meta name=\"robots\" content=\"index, follow, max-snippet:-1, max-image-preview:large, max-video-preview:-1\" \/>\n<link rel=\"canonical\" href=\"https:\/\/fliegender-figaro.ch\/\" \/>\n<meta property=\"og:locale\" content=\"de_DE\" \/>\n<meta property=\"og:type\" content=\"article\" \/>\n<meta property=\"og:title\" content=\"Fliegender Figaro Z\u00fcrich\" \/>\n<meta property=\"og:description\" content=\"Herzlich Willkommen bei Fliegender Figaro! Sch\u00f6n, dass du zu mir gefunden hast. Mit den neusten Trends aus Milano, New York, Paris und London freue ich mich dich als Gast mit exzellenten Sch\u00f6nheitsdienstleistungen zu verw\u00f6hnen. Ob im Salon oder zu Hause freu dich auf mein Handwerk auf h\u00f6chstem Niveau gepaart mit ganz viel italienischem Charme.\" \/>\n<meta property=\"og:url\" content=\"https:\/\/fliegender-figaro.ch\/\" \/>\n<meta property=\"og:site_name\" content=\"Fliegender Figaro\" \/>\n<meta property=\"article:modified_time\" content=\"2024-03-04T17:30:56+00:00\" \/>\n<meta property=\"og:image\" content=\"https:\/\/fliegender-figaro.ch\/wp-content\/uploads\/2019\/04\/Gianni.jpg\" \/>\n\t<meta property=\"og:image:width\" content=\"624\" \/>\n\t<meta property=\"og:image:height\" content=\"624\" \/>\n\t<meta property=\"og:image:type\" content=\"image\/jpeg\" \/>\n<meta name=\"twitter:card\" content=\"summary_large_image\" \/>\n<meta name=\"twitter:label1\" content=\"Gesch\u00e4tzte Lesezeit\" \/>\n\t<meta name=\"twitter:data1\" content=\"1\u00a0Minute\" \/>\n<script type=\"application\/ld+json\" class=\"yoast-schema-graph\">{\"@context\":\"https:\/\/schema.org\",\"@graph\":[{\"@type\":\"WebPage\",\"@id\":\"https:\/\/fliegender-figaro.ch\/\",\"url\":\"https:\/\/fliegender-figaro.ch\/\",\"name\":\"Fliegender Figaro Z\u00fcrich\",\"isPartOf\":{\"@id\":\"https:\/\/fliegender-figaro.ch\/#website\"},\"primaryImageOfPage\":{\"@id\":\"https:\/\/fliegender-figaro.ch\/#primaryimage\"},\"image\":{\"@id\":\"https:\/\/fliegender-figaro.ch\/#primaryimage\"},\"thumbnailUrl\":\"https:\/\/fliegender-figaro.ch\/wp-content\/uploads\/2019\/04\/Gianni.jpg\",\"datePublished\":\"2022-07-19T13:06:24+00:00\",\"dateModified\":\"2024-03-04T17:30:56+00:00\",\"description\":\"Herzlich Willkommen bei Fliegender Figaro! Sch\u00f6n, dass du zu mir gefunden hast. Mit den neusten Trends aus Milano, New York, Paris und London freue ich mich dich als Gast mit exzellenten Sch\u00f6nheitsdienstleistungen zu verw\u00f6hnen. Ob im Salon oder zu Hause freu dich auf mein Handwerk auf h\u00f6chstem Niveau gepaart mit ganz viel italienischem Charme.\",\"breadcrumb\":{\"@id\":\"https:\/\/fliegender-figaro.ch\/#breadcrumb\"},\"inLanguage\":\"de\",\"potentialAction\":[{\"@type\":\"ReadAction\",\"target\":[\"https:\/\/fliegender-figaro.ch\/\"]}]},{\"@type\":\"ImageObject\",\"inLanguage\":\"de\",\"@id\":\"https:\/\/fliegender-figaro.ch\/#primaryimage\",\"url\":\"https:\/\/fliegender-figaro.ch\/wp-content\/uploads\/2019\/04\/Gianni.jpg\",\"contentUrl\":\"https:\/\/fliegender-figaro.ch\/wp-content\/uploads\/2019\/04\/Gianni.jpg\",\"width\":624,\"height\":624},{\"@type\":\"BreadcrumbList\",\"@id\":\"https:\/\/fliegender-figaro.ch\/#breadcrumb\",\"itemListElement\":[{\"@type\":\"ListItem\",\"position\":1,\"name\":\"Startseite\",\"item\":\"https:\/\/fliegender-figaro.ch\/\"},{\"@type\":\"ListItem\",\"position\":2,\"name\":\"HOME\"}]},{\"@type\":\"WebSite\",\"@id\":\"https:\/\/fliegender-figaro.ch\/#website\",\"url\":\"https:\/\/fliegender-figaro.ch\/\",\"name\":\"Fliegender Figaro\",\"description\":\"\",\"publisher\":{\"@id\":\"https:\/\/fliegender-figaro.ch\/#organization\"},\"potentialAction\":[{\"@type\":\"SearchAction\",\"target\":{\"@type\":\"EntryPoint\",\"urlTemplate\":\"https:\/\/fliegender-figaro.ch\/?s={search_term_string}\"},\"query-input\":\"required name=search_term_string\"}],\"inLanguage\":\"de\"},{\"@type\":\"Organization\",\"@id\":\"https:\/\/fliegender-figaro.ch\/#organization\",\"name\":\"Fliegender Figaro\",\"url\":\"https:\/\/fliegender-figaro.ch\/\",\"logo\":{\"@type\":\"ImageObject\",\"inLanguage\":\"de\",\"@id\":\"https:\/\/fliegender-figaro.ch\/#\/schema\/logo\/image\/\",\"url\":\"https:\/\/fliegender-figaro.ch\/wp-content\/uploads\/2023\/02\/cropped-Neue_Logo_2023.png\",\"contentUrl\":\"https:\/\/fliegender-figaro.ch\/wp-content\/uploads\/2023\/02\/cropped-Neue_Logo_2023.png\",\"width\":471,\"height\":311,\"caption\":\"Fliegender Figaro\"},\"image\":{\"@id\":\"https:\/\/fliegender-figaro.ch\/#\/schema\/logo\/image\/\"}}]}<\/script>\n<!-- \/ Yoast SEO plugin. -->","yoast_head_json":{"title":"Fliegender Figaro Z\u00fcrich","description":"Herzlich Willkommen bei Fliegender Figaro! Sch\u00f6n, dass du zu mir gefunden hast. Mit den neusten Trends aus Milano, New York, Paris und London freue ich mich dich als Gast mit exzellenten Sch\u00f6nheitsdienstleistungen zu verw\u00f6hnen. Ob im Salon oder zu Hause freu dich auf mein Handwerk auf h\u00f6chstem Niveau gepaart mit ganz viel italienischem Charme.","robots":{"index":"index","follow":"follow","max-snippet":"max-snippet:-1","max-image-preview":"max-image-preview:large","max-video-preview":"max-video-preview:-1"},"canonical":"https:\/\/fliegender-figaro.ch\/","og_locale":"de_DE","og_type":"article","og_title":"Fliegender Figaro Z\u00fcrich","og_description":"Herzlich Willkommen bei Fliegender Figaro! Sch\u00f6n, dass du zu mir gefunden hast. Mit den neusten Trends aus Milano, New York, Paris und London freue ich mich dich als Gast mit exzellenten Sch\u00f6nheitsdienstleistungen zu verw\u00f6hnen. Ob im Salon oder zu Hause freu dich auf mein Handwerk auf h\u00f6chstem Niveau gepaart mit ganz viel italienischem Charme.","og_url":"https:\/\/fliegender-figaro.ch\/","og_site_name":"Fliegender Figaro","article_modified_time":"2024-03-04T17:30:56+00:00","og_image":[{"width":624,"height":624,"url":"https:\/\/fliegender-figaro.ch\/wp-content\/uploads\/2019\/04\/Gianni.jpg","type":"image\/jpeg"}],"twitter_card":"summary_large_image","twitter_misc":{"Gesch\u00e4tzte Lesezeit":"1\u00a0Minute"},"schema":{"@context":"https:\/\/schema.org","@graph":[{"@type":"WebPage","@id":"https:\/\/fliegender-figaro.ch\/","url":"https:\/\/fliegender-figaro.ch\/","name":"Fliegender Figaro Z\u00fcrich","isPartOf":{"@id":"https:\/\/fliegender-figaro.ch\/#website"},"primaryImageOfPage":{"@id":"https:\/\/fliegender-figaro.ch\/#primaryimage"},"image":{"@id":"https:\/\/fliegender-figaro.ch\/#primaryimage"},"thumbnailUrl":"https:\/\/fliegender-figaro.ch\/wp-content\/uploads\/2019\/04\/Gianni.jpg","datePublished":"2022-07-19T13:06:24+00:00","dateModified":"2024-03-04T17:30:56+00:00","description":"Herzlich Willkommen bei Fliegender Figaro! Sch\u00f6n, dass du zu mir gefunden hast. Mit den neusten Trends aus Milano, New York, Paris und London freue ich mich dich als Gast mit exzellenten Sch\u00f6nheitsdienstleistungen zu verw\u00f6hnen. Ob im Salon oder zu Hause freu dich auf mein Handwerk auf h\u00f6chstem Niveau gepaart mit ganz viel italienischem Charme.","breadcrumb":{"@id":"https:\/\/fliegender-figaro.ch\/#breadcrumb"},"inLanguage":"de","potentialAction":[{"@type":"ReadAction","target":["https:\/\/fliegender-figaro.ch\/"]}]},{"@type":"ImageObject","inLanguage":"de","@id":"https:\/\/fliegender-figaro.ch\/#primaryimage","url":"https:\/\/fliegender-figaro.ch\/wp-content\/uploads\/2019\/04\/Gianni.jpg","contentUrl":"https:\/\/fliegender-figaro.ch\/wp-content\/uploads\/2019\/04\/Gianni.jpg","width":624,"height":624},{"@type":"BreadcrumbList","@id":"https:\/\/fliegender-figaro.ch\/#breadcrumb","itemListElement":[{"@type":"ListItem","position":1,"name":"Startseite","item":"https:\/\/fliegender-figaro.ch\/"},{"@type":"ListItem","position":2,"name":"HOME"}]},{"@type":"WebSite","@id":"https:\/\/fliegender-figaro.ch\/#website","url":"https:\/\/fliegender-figaro.ch\/","name":"Fliegender Figaro","description":"","publisher":{"@id":"https:\/\/fliegender-figaro.ch\/#organization"},"potentialAction":[{"@type":"SearchAction","target":{"@type":"EntryPoint","urlTemplate":"https:\/\/fliegender-figaro.ch\/?s={search_term_string}"},"query-input":"required name=search_term_string"}],"inLanguage":"de"},{"@type":"Organization","@id":"https:\/\/fliegender-figaro.ch\/#organization","name":"Fliegender Figaro","url":"https:\/\/fliegender-figaro.ch\/","logo":{"@type":"ImageObject","inLanguage":"de","@id":"https:\/\/fliegender-figaro.ch\/#\/schema\/logo\/image\/","url":"https:\/\/fliegender-figaro.ch\/wp-content\/uploads\/2023\/02\/cropped-Neue_Logo_2023.png","contentUrl":"https:\/\/fliegender-figaro.ch\/wp-content\/uploads\/2023\/02\/cropped-Neue_Logo_2023.png","width":471,"height":311,"caption":"Fliegender Figaro"},"image":{"@id":"https:\/\/fliegender-figaro.ch\/#\/schema\/logo\/image\/"}}]}},"_links":{"self":[{"href":"https:\/\/fliegender-figaro.ch\/index.php\/wp-json\/wp\/v2\/pages\/4212","targetHints":{"allow":["GET"]}}],"collection":[{"href":"https:\/\/fliegender-figaro.ch\/index.php\/wp-json\/wp\/v2\/pages"}],"about":[{"href":"https:\/\/fliegender-figaro.ch\/index.php\/wp-json\/wp\/v2\/types\/page"}],"author":[{"embeddable":true,"href":"https:\/\/fliegender-figaro.ch\/index.php\/wp-json\/wp\/v2\/users\/2"}],"replies":[{"embeddable":true,"href":"https:\/\/fliegender-figaro.ch\/index.php\/wp-json\/wp\/v2\/comments?post=4212"}],"version-history":[{"count":56,"href":"https:\/\/fliegender-figaro.ch\/index.php\/wp-json\/wp\/v2\/pages\/4212\/revisions"}],"predecessor-version":[{"id":4743,"href":"https:\/\/fliegender-figaro.ch\/index.php\/wp-json\/wp\/v2\/pages\/4212\/revisions\/4743"}],"wp:featuredmedia":[{"embeddable":true,"href":"https:\/\/fliegender-figaro.ch\/index.php\/wp-json\/wp\/v2\/media\/4016"}],"wp:attachment":[{"href":"https:\/\/fliegender-figaro.ch\/index.php\/wp-json\/wp\/v2\/media?parent=4212"}],"curies":[{"name":"wp","href":"https:\/\/api.w.org\/{rel}","templated":true}]}}