{"id":4217,"date":"2022-07-19T13:06:47","date_gmt":"2022-07-19T13:06:47","guid":{"rendered":"https:\/\/fliegender-figaro.ch\/?page_id=4217"},"modified":"2022-09-16T14:44:30","modified_gmt":"2022-09-16T14:44:30","slug":"kontakt","status":"publish","type":"page","link":"https:\/\/fliegender-figaro.ch\/index.php\/kontakt\/","title":{"rendered":"KONTAKT"},"content":{"rendered":"\t\t<div data-elementor-type=\"wp-page\" data-elementor-id=\"4217\" class=\"elementor elementor-4217\" data-elementor-post-type=\"page\">\n\t\t\t\t\t\t<section class=\"elementor-section elementor-top-section elementor-element elementor-element-37840191 elementor-section-full_width elementor-section-height-full elementor-section-height-default elementor-section-items-middle\" data-id=\"37840191\" data-element_type=\"section\" data-settings=\"{&quot;background_background&quot;:&quot;classic&quot;}\">\n\t\t\t\t\t\t\t<div class=\"elementor-background-overlay\"><\/div>\n\t\t\t\t\t\t\t<div class=\"elementor-container elementor-column-gap-no\">\n\t\t\t\t\t<div class=\"elementor-column elementor-col-100 elementor-top-column elementor-element elementor-element-31c25ca4\" data-id=\"31c25ca4\" data-element_type=\"column\">\n\t\t\t<div class=\"elementor-widget-wrap elementor-element-populated\">\n\t\t\t\t\t\t<div class=\"elementor-element elementor-element-5132df90 elementor-widget elementor-widget-heading\" data-id=\"5132df90\" data-element_type=\"widget\" data-widget_type=\"heading.default\">\n\t\t\t\t<div class=\"elementor-widget-container\">\n\t\t\t<style>\/*! elementor - v3.21.0 - 18-04-2024 *\/\n.elementor-heading-title{padding:0;margin:0;line-height:1}.elementor-widget-heading .elementor-heading-title[class*=elementor-size-]>a{color:inherit;font-size:inherit;line-height:inherit}.elementor-widget-heading .elementor-heading-title.elementor-size-small{font-size:15px}.elementor-widget-heading .elementor-heading-title.elementor-size-medium{font-size:19px}.elementor-widget-heading .elementor-heading-title.elementor-size-large{font-size:29px}.elementor-widget-heading .elementor-heading-title.elementor-size-xl{font-size:39px}.elementor-widget-heading .elementor-heading-title.elementor-size-xxl{font-size:59px}<\/style><h5 class=\"elementor-heading-title elementor-size-default\">FIGARO - SEIT 1985<\/h5>\t\t<\/div>\n\t\t\t\t<\/div>\n\t\t\t\t<div class=\"elementor-element elementor-element-6977d8cb elementor-widget elementor-widget-heading\" data-id=\"6977d8cb\" data-element_type=\"widget\" data-widget_type=\"heading.default\">\n\t\t\t\t<div class=\"elementor-widget-container\">\n\t\t\t<h1 class=\"elementor-heading-title elementor-size-default\">KONTAKT<\/h1>\t\t<\/div>\n\t\t\t\t<\/div>\n\t\t\t\t<section class=\"elementor-section elementor-inner-section elementor-element elementor-element-136fbab elementor-section-boxed elementor-section-height-default elementor-section-height-default\" data-id=\"136fbab\" data-element_type=\"section\">\n\t\t\t\t\t\t<div class=\"elementor-container elementor-column-gap-default\">\n\t\t\t\t\t<div class=\"elementor-column elementor-col-50 elementor-inner-column elementor-element elementor-element-27bd437\" data-id=\"27bd437\" data-element_type=\"column\">\n\t\t\t<div class=\"elementor-widget-wrap elementor-element-populated\">\n\t\t\t\t\t\t<div class=\"elementor-element elementor-element-2c34bdf elementor-widget elementor-widget-google_maps\" data-id=\"2c34bdf\" data-element_type=\"widget\" data-widget_type=\"google_maps.default\">\n\t\t\t\t<div class=\"elementor-widget-container\">\n\t\t\t<style>\/*! elementor - v3.21.0 - 18-04-2024 *\/\n.elementor-widget-google_maps .elementor-widget-container{overflow:hidden}.elementor-widget-google_maps .elementor-custom-embed{line-height:0}.elementor-widget-google_maps iframe{height:300px}<\/style>\t\t<div class=\"elementor-custom-embed\">\n\t\t\t<iframe loading=\"lazy\"\n\t\t\t\t\tsrc=\"https:\/\/maps.google.com\/maps?q=Werdm%C3%BChlestrasse%2010%2C%208001%20Z%C3%BCrich%2C%20%D0%A8%D0%B2%D0%B0%D1%98%D1%86%D0%B0%D1%80%D1%81%D0%BA%D0%B0&#038;t=m&#038;z=16&#038;output=embed&#038;iwloc=near\"\n\t\t\t\t\ttitle=\"Werdm\u00fchlestrasse 10, 8001 Z\u00fcrich, \u0428\u0432\u0430\u0458\u0446\u0430\u0440\u0441\u043a\u0430\"\n\t\t\t\t\taria-label=\"Werdm\u00fchlestrasse 10, 8001 Z\u00fcrich, \u0428\u0432\u0430\u0458\u0446\u0430\u0440\u0441\u043a\u0430\"\n\t\t\t><\/iframe>\n\t\t<\/div>\n\t\t\t\t<\/div>\n\t\t\t\t<\/div>\n\t\t\t\t\t<\/div>\n\t\t<\/div>\n\t\t\t\t<div class=\"elementor-column elementor-col-50 elementor-inner-column elementor-element elementor-element-e1b3ad7\" data-id=\"e1b3ad7\" data-element_type=\"column\">\n\t\t\t<div class=\"elementor-widget-wrap elementor-element-populated\">\n\t\t\t\t\t\t<div class=\"elementor-element elementor-element-389cb9f5 elementor-widget elementor-widget-text-editor\" data-id=\"389cb9f5\" data-element_type=\"widget\" data-widget_type=\"text-editor.default\">\n\t\t\t\t<div class=\"elementor-widget-container\">\n\t\t\t<style>\/*! elementor - v3.21.0 - 18-04-2024 *\/\n.elementor-widget-text-editor.elementor-drop-cap-view-stacked .elementor-drop-cap{background-color:#69727d;color:#fff}.elementor-widget-text-editor.elementor-drop-cap-view-framed .elementor-drop-cap{color:#69727d;border:3px solid;background-color:transparent}.elementor-widget-text-editor:not(.elementor-drop-cap-view-default) .elementor-drop-cap{margin-top:8px}.elementor-widget-text-editor:not(.elementor-drop-cap-view-default) .elementor-drop-cap-letter{width:1em;height:1em}.elementor-widget-text-editor .elementor-drop-cap{float:left;text-align:center;line-height:1;font-size:50px}.elementor-widget-text-editor .elementor-drop-cap-letter{display:inline-block}<\/style>\t\t\t\t<p>Vereinbare noch heute einen Termin telefonisch oder online. Am besten rufst du mich an und wir koordinieren dein Verw\u00f6hnprogramm nach deinen pers\u00f6nlichen W\u00fcnschen und Bed\u00fcrfnissen.<\/p>\t\t\t\t\t\t<\/div>\n\t\t\t\t<\/div>\n\t\t\t\t\t<\/div>\n\t\t<\/div>\n\t\t\t\t\t<\/div>\n\t\t<\/section>\n\t\t\t\t<div class=\"elementor-element elementor-element-34e6a3fb elementor-widget elementor-widget-heading\" data-id=\"34e6a3fb\" data-element_type=\"widget\" data-widget_type=\"heading.default\">\n\t\t\t\t<div class=\"elementor-widget-container\">\n\t\t\t<h2 class=\"elementor-heading-title elementor-size-default\">appointment<\/h2>\t\t<\/div>\n\t\t\t\t<\/div>\n\t\t\t\t\t<\/div>\n\t\t<\/div>\n\t\t\t\t\t<\/div>\n\t\t<\/section>\n\t\t\t\t<\/div>\n\t\t","protected":false},"excerpt":{"rendered":"<p>FIGARO &#8211; SEIT 1985 KONTAKT Vereinbare noch heute einen Termin telefonisch oder online. Am besten rufst du mich an und wir koordinieren dein Verw\u00f6hnprogramm nach deinen pers\u00f6nlichen W\u00fcnschen und Bed\u00fcrfnissen. appointment<\/p>\n","protected":false},"author":2,"featured_media":0,"parent":0,"menu_order":0,"comment_status":"closed","ping_status":"closed","template":"","meta":{"footnotes":""},"class_list":["post-4217","page","type-page","status-publish","hentry"],"yoast_head":"<!-- This site is optimized with the Yoast SEO plugin v22.5 - https:\/\/yoast.com\/wordpress\/plugins\/seo\/ -->\n<title>KONTAKT - Fliegender Figaro<\/title>\n<meta name=\"description\" content=\"KONTAKT FLIEGENDER FIGARO trend frisuren kurz bester coiffeur Z\u00fcrich frauen coiffeur star Beste Haarschnitte Trend 2023 10 beste Coiffeure Z\u00fcrich Balayage blonde Highlights alle Trends neue beliebteste Schnitte Herbst Winter\" \/>\n<meta name=\"robots\" content=\"index, follow, max-snippet:-1, max-image-preview:large, max-video-preview:-1\" \/>\n<link rel=\"canonical\" href=\"https:\/\/fliegender-figaro.ch\/index.php\/kontakt\/\" \/>\n<meta property=\"og:locale\" content=\"de_DE\" \/>\n<meta property=\"og:type\" content=\"article\" \/>\n<meta property=\"og:title\" content=\"KONTAKT - Fliegender Figaro\" \/>\n<meta property=\"og:description\" content=\"KONTAKT FLIEGENDER FIGARO trend frisuren kurz bester coiffeur Z\u00fcrich frauen coiffeur star Beste Haarschnitte Trend 2023 10 beste Coiffeure Z\u00fcrich Balayage blonde Highlights alle Trends neue beliebteste Schnitte Herbst Winter\" \/>\n<meta property=\"og:url\" content=\"https:\/\/fliegender-figaro.ch\/index.php\/kontakt\/\" \/>\n<meta property=\"og:site_name\" content=\"Fliegender Figaro\" \/>\n<meta property=\"article:modified_time\" content=\"2022-09-16T14:44:30+00:00\" \/>\n<meta property=\"og:image\" content=\"https:\/\/fliegender-figaro.ch\/wp-content\/uploads\/2018\/05\/landing-home-img-1.jpg\" \/>\n\t<meta property=\"og:image:width\" content=\"1024\" \/>\n\t<meta property=\"og:image:height\" content=\"1210\" \/>\n\t<meta property=\"og:image:type\" content=\"image\/jpeg\" \/>\n<meta name=\"twitter:card\" content=\"summary_large_image\" \/>\n<meta name=\"twitter:label1\" content=\"Gesch\u00e4tzte Lesezeit\" \/>\n\t<meta name=\"twitter:data1\" content=\"1\u00a0Minute\" \/>\n<script type=\"application\/ld+json\" class=\"yoast-schema-graph\">{\"@context\":\"https:\/\/schema.org\",\"@graph\":[{\"@type\":\"WebPage\",\"@id\":\"https:\/\/fliegender-figaro.ch\/index.php\/kontakt\/\",\"url\":\"https:\/\/fliegender-figaro.ch\/index.php\/kontakt\/\",\"name\":\"KONTAKT - Fliegender Figaro\",\"isPartOf\":{\"@id\":\"https:\/\/fliegender-figaro.ch\/#website\"},\"datePublished\":\"2022-07-19T13:06:47+00:00\",\"dateModified\":\"2022-09-16T14:44:30+00:00\",\"description\":\"KONTAKT FLIEGENDER FIGARO trend frisuren kurz bester coiffeur Z\u00fcrich frauen coiffeur star Beste Haarschnitte Trend 2023 10 beste Coiffeure Z\u00fcrich Balayage blonde Highlights alle Trends neue beliebteste Schnitte Herbst Winter\",\"breadcrumb\":{\"@id\":\"https:\/\/fliegender-figaro.ch\/index.php\/kontakt\/#breadcrumb\"},\"inLanguage\":\"de\",\"potentialAction\":[{\"@type\":\"ReadAction\",\"target\":[\"https:\/\/fliegender-figaro.ch\/index.php\/kontakt\/\"]}]},{\"@type\":\"BreadcrumbList\",\"@id\":\"https:\/\/fliegender-figaro.ch\/index.php\/kontakt\/#breadcrumb\",\"itemListElement\":[{\"@type\":\"ListItem\",\"position\":1,\"name\":\"Startseite\",\"item\":\"https:\/\/fliegender-figaro.ch\/\"},{\"@type\":\"ListItem\",\"position\":2,\"name\":\"KONTAKT\"}]},{\"@type\":\"WebSite\",\"@id\":\"https:\/\/fliegender-figaro.ch\/#website\",\"url\":\"https:\/\/fliegender-figaro.ch\/\",\"name\":\"Fliegender Figaro\",\"description\":\"\",\"publisher\":{\"@id\":\"https:\/\/fliegender-figaro.ch\/#organization\"},\"potentialAction\":[{\"@type\":\"SearchAction\",\"target\":{\"@type\":\"EntryPoint\",\"urlTemplate\":\"https:\/\/fliegender-figaro.ch\/?s={search_term_string}\"},\"query-input\":\"required name=search_term_string\"}],\"inLanguage\":\"de\"},{\"@type\":\"Organization\",\"@id\":\"https:\/\/fliegender-figaro.ch\/#organization\",\"name\":\"Fliegender Figaro\",\"url\":\"https:\/\/fliegender-figaro.ch\/\",\"logo\":{\"@type\":\"ImageObject\",\"inLanguage\":\"de\",\"@id\":\"https:\/\/fliegender-figaro.ch\/#\/schema\/logo\/image\/\",\"url\":\"https:\/\/fliegender-figaro.ch\/wp-content\/uploads\/2023\/02\/cropped-Neue_Logo_2023.png\",\"contentUrl\":\"https:\/\/fliegender-figaro.ch\/wp-content\/uploads\/2023\/02\/cropped-Neue_Logo_2023.png\",\"width\":471,\"height\":311,\"caption\":\"Fliegender Figaro\"},\"image\":{\"@id\":\"https:\/\/fliegender-figaro.ch\/#\/schema\/logo\/image\/\"}}]}<\/script>\n<!-- \/ Yoast SEO plugin. -->","yoast_head_json":{"title":"KONTAKT - Fliegender Figaro","description":"KONTAKT FLIEGENDER FIGARO trend frisuren kurz bester coiffeur Z\u00fcrich frauen coiffeur star Beste Haarschnitte Trend 2023 10 beste Coiffeure Z\u00fcrich Balayage blonde Highlights alle Trends neue beliebteste Schnitte Herbst Winter","robots":{"index":"index","follow":"follow","max-snippet":"max-snippet:-1","max-image-preview":"max-image-preview:large","max-video-preview":"max-video-preview:-1"},"canonical":"https:\/\/fliegender-figaro.ch\/index.php\/kontakt\/","og_locale":"de_DE","og_type":"article","og_title":"KONTAKT - Fliegender Figaro","og_description":"KONTAKT FLIEGENDER FIGARO trend frisuren kurz bester coiffeur Z\u00fcrich frauen coiffeur star Beste Haarschnitte Trend 2023 10 beste Coiffeure Z\u00fcrich Balayage blonde Highlights alle Trends neue beliebteste Schnitte Herbst Winter","og_url":"https:\/\/fliegender-figaro.ch\/index.php\/kontakt\/","og_site_name":"Fliegender Figaro","article_modified_time":"2022-09-16T14:44:30+00:00","og_image":[{"width":1024,"height":1210,"url":"https:\/\/fliegender-figaro.ch\/wp-content\/uploads\/2018\/05\/landing-home-img-1.jpg","type":"image\/jpeg"}],"twitter_card":"summary_large_image","twitter_misc":{"Gesch\u00e4tzte Lesezeit":"1\u00a0Minute"},"schema":{"@context":"https:\/\/schema.org","@graph":[{"@type":"WebPage","@id":"https:\/\/fliegender-figaro.ch\/index.php\/kontakt\/","url":"https:\/\/fliegender-figaro.ch\/index.php\/kontakt\/","name":"KONTAKT - Fliegender Figaro","isPartOf":{"@id":"https:\/\/fliegender-figaro.ch\/#website"},"datePublished":"2022-07-19T13:06:47+00:00","dateModified":"2022-09-16T14:44:30+00:00","description":"KONTAKT FLIEGENDER FIGARO trend frisuren kurz bester coiffeur Z\u00fcrich frauen coiffeur star Beste Haarschnitte Trend 2023 10 beste Coiffeure Z\u00fcrich Balayage blonde Highlights alle Trends neue beliebteste Schnitte Herbst Winter","breadcrumb":{"@id":"https:\/\/fliegender-figaro.ch\/index.php\/kontakt\/#breadcrumb"},"inLanguage":"de","potentialAction":[{"@type":"ReadAction","target":["https:\/\/fliegender-figaro.ch\/index.php\/kontakt\/"]}]},{"@type":"BreadcrumbList","@id":"https:\/\/fliegender-figaro.ch\/index.php\/kontakt\/#breadcrumb","itemListElement":[{"@type":"ListItem","position":1,"name":"Startseite","item":"https:\/\/fliegender-figaro.ch\/"},{"@type":"ListItem","position":2,"name":"KONTAKT"}]},{"@type":"WebSite","@id":"https:\/\/fliegender-figaro.ch\/#website","url":"https:\/\/fliegender-figaro.ch\/","name":"Fliegender Figaro","description":"","publisher":{"@id":"https:\/\/fliegender-figaro.ch\/#organization"},"potentialAction":[{"@type":"SearchAction","target":{"@type":"EntryPoint","urlTemplate":"https:\/\/fliegender-figaro.ch\/?s={search_term_string}"},"query-input":"required name=search_term_string"}],"inLanguage":"de"},{"@type":"Organization","@id":"https:\/\/fliegender-figaro.ch\/#organization","name":"Fliegender Figaro","url":"https:\/\/fliegender-figaro.ch\/","logo":{"@type":"ImageObject","inLanguage":"de","@id":"https:\/\/fliegender-figaro.ch\/#\/schema\/logo\/image\/","url":"https:\/\/fliegender-figaro.ch\/wp-content\/uploads\/2023\/02\/cropped-Neue_Logo_2023.png","contentUrl":"https:\/\/fliegender-figaro.ch\/wp-content\/uploads\/2023\/02\/cropped-Neue_Logo_2023.png","width":471,"height":311,"caption":"Fliegender Figaro"},"image":{"@id":"https:\/\/fliegender-figaro.ch\/#\/schema\/logo\/image\/"}}]}},"_links":{"self":[{"href":"https:\/\/fliegender-figaro.ch\/index.php\/wp-json\/wp\/v2\/pages\/4217","targetHints":{"allow":["GET"]}}],"collection":[{"href":"https:\/\/fliegender-figaro.ch\/index.php\/wp-json\/wp\/v2\/pages"}],"about":[{"href":"https:\/\/fliegender-figaro.ch\/index.php\/wp-json\/wp\/v2\/types\/page"}],"author":[{"embeddable":true,"href":"https:\/\/fliegender-figaro.ch\/index.php\/wp-json\/wp\/v2\/users\/2"}],"replies":[{"embeddable":true,"href":"https:\/\/fliegender-figaro.ch\/index.php\/wp-json\/wp\/v2\/comments?post=4217"}],"version-history":[{"count":24,"href":"https:\/\/fliegender-figaro.ch\/index.php\/wp-json\/wp\/v2\/pages\/4217\/revisions"}],"predecessor-version":[{"id":4483,"href":"https:\/\/fliegender-figaro.ch\/index.php\/wp-json\/wp\/v2\/pages\/4217\/revisions\/4483"}],"wp:attachment":[{"href":"https:\/\/fliegender-figaro.ch\/index.php\/wp-json\/wp\/v2\/media?parent=4217"}],"curies":[{"name":"wp","href":"https:\/\/api.w.org\/{rel}","templated":true}]}}