{"id":4499,"date":"2022-10-19T14:31:08","date_gmt":"2022-10-19T14:31:08","guid":{"rendered":"https:\/\/fliegender-figaro.ch\/?page_id=4499"},"modified":"2024-03-05T10:16:48","modified_gmt":"2024-03-05T10:16:48","slug":"gianni-2","status":"publish","type":"page","link":"https:\/\/fliegender-figaro.ch\/index.php\/gianni-2\/","title":{"rendered":"GIANNI"},"content":{"rendered":"\t\t<div data-elementor-type=\"wp-page\" data-elementor-id=\"4499\" class=\"elementor elementor-4499\" data-elementor-post-type=\"page\">\n\t\t\t\t\t\t<section class=\"elementor-section elementor-top-section elementor-element elementor-element-3d874551 elementor-section-full_width elementor-section-height-min-height elementor-section-items-top elementor-section-height-default\" data-id=\"3d874551\" data-element_type=\"section\" data-settings=\"{&quot;background_background&quot;:&quot;classic&quot;}\">\n\t\t\t\t\t\t<div class=\"elementor-container elementor-column-gap-no\">\n\t\t\t\t\t<div class=\"elementor-column elementor-col-100 elementor-top-column elementor-element elementor-element-178cdb00\" data-id=\"178cdb00\" data-element_type=\"column\">\n\t\t\t<div class=\"elementor-widget-wrap elementor-element-populated\">\n\t\t\t\t\t\t<div class=\"elementor-element elementor-element-73a18b2d elementor-widget elementor-widget-heading\" data-id=\"73a18b2d\" data-element_type=\"widget\" data-widget_type=\"heading.default\">\n\t\t\t\t<div class=\"elementor-widget-container\">\n\t\t\t<style>\/*! elementor - v3.21.0 - 18-04-2024 *\/\n.elementor-heading-title{padding:0;margin:0;line-height:1}.elementor-widget-heading .elementor-heading-title[class*=elementor-size-]>a{color:inherit;font-size:inherit;line-height:inherit}.elementor-widget-heading .elementor-heading-title.elementor-size-small{font-size:15px}.elementor-widget-heading .elementor-heading-title.elementor-size-medium{font-size:19px}.elementor-widget-heading .elementor-heading-title.elementor-size-large{font-size:29px}.elementor-widget-heading .elementor-heading-title.elementor-size-xl{font-size:39px}.elementor-widget-heading .elementor-heading-title.elementor-size-xxl{font-size:59px}<\/style><h2 class=\"elementor-heading-title elementor-size-default\">Fashion<\/h2>\t\t<\/div>\n\t\t\t\t<\/div>\n\t\t\t\t<section class=\"elementor-section elementor-inner-section elementor-element elementor-element-4c7fad2 elementor-section-height-min-height elementor-section-boxed elementor-section-height-default\" data-id=\"4c7fad2\" data-element_type=\"section\">\n\t\t\t\t\t\t<div class=\"elementor-container elementor-column-gap-default\">\n\t\t\t\t\t<div class=\"elementor-column elementor-col-50 elementor-inner-column elementor-element elementor-element-67b10a0\" data-id=\"67b10a0\" data-element_type=\"column\">\n\t\t\t<div class=\"elementor-widget-wrap elementor-element-populated\">\n\t\t\t\t\t\t<div class=\"elementor-element elementor-element-9c66212 elementor-widget elementor-widget-image\" data-id=\"9c66212\" data-element_type=\"widget\" data-widget_type=\"image.default\">\n\t\t\t\t<div class=\"elementor-widget-container\">\n\t\t\t<style>\/*! elementor - v3.21.0 - 18-04-2024 *\/\n.elementor-widget-image{text-align:center}.elementor-widget-image a{display:inline-block}.elementor-widget-image a img[src$=\".svg\"]{width:48px}.elementor-widget-image img{vertical-align:middle;display:inline-block}<\/style>\t\t\t\t\t\t\t\t\t\t<img fetchpriority=\"high\" decoding=\"async\" width=\"624\" height=\"624\" src=\"https:\/\/fliegender-figaro.ch\/wp-content\/uploads\/2019\/04\/Gianni.jpg\" class=\"attachment-full size-full wp-image-4016\" alt=\"\" srcset=\"https:\/\/fliegender-figaro.ch\/wp-content\/uploads\/2019\/04\/Gianni.jpg 624w, https:\/\/fliegender-figaro.ch\/wp-content\/uploads\/2019\/04\/Gianni-300x300.jpg 300w, https:\/\/fliegender-figaro.ch\/wp-content\/uploads\/2019\/04\/Gianni-150x150.jpg 150w\" sizes=\"(max-width: 624px) 100vw, 624px\" \/>\t\t\t\t\t\t\t\t\t\t\t\t\t<\/div>\n\t\t\t\t<\/div>\n\t\t\t\t\t<\/div>\n\t\t<\/div>\n\t\t\t\t<div class=\"elementor-column elementor-col-50 elementor-inner-column elementor-element elementor-element-823577d\" data-id=\"823577d\" data-element_type=\"column\">\n\t\t\t<div class=\"elementor-widget-wrap elementor-element-populated\">\n\t\t\t\t\t\t<div class=\"elementor-element elementor-element-42085534 elementor-widget elementor-widget-heading\" data-id=\"42085534\" data-element_type=\"widget\" data-widget_type=\"heading.default\">\n\t\t\t\t<div class=\"elementor-widget-container\">\n\t\t\t<h5 class=\"elementor-heading-title elementor-size-default\">FIGARO - SEIT 1985<\/h5>\t\t<\/div>\n\t\t\t\t<\/div>\n\t\t\t\t<div class=\"elementor-element elementor-element-2da6a40e elementor-widget elementor-widget-heading\" data-id=\"2da6a40e\" data-element_type=\"widget\" data-widget_type=\"heading.default\">\n\t\t\t\t<div class=\"elementor-widget-container\">\n\t\t\t<h1 class=\"elementor-heading-title elementor-size-default\">\u00dcBER MICH<\/h1>\t\t<\/div>\n\t\t\t\t<\/div>\n\t\t\t\t<div class=\"elementor-element elementor-element-74eb2884 elementor-widget elementor-widget-text-editor\" data-id=\"74eb2884\" data-element_type=\"widget\" data-widget_type=\"text-editor.default\">\n\t\t\t\t<div class=\"elementor-widget-container\">\n\t\t\t<style>\/*! elementor - v3.21.0 - 18-04-2024 *\/\n.elementor-widget-text-editor.elementor-drop-cap-view-stacked .elementor-drop-cap{background-color:#69727d;color:#fff}.elementor-widget-text-editor.elementor-drop-cap-view-framed .elementor-drop-cap{color:#69727d;border:3px solid;background-color:transparent}.elementor-widget-text-editor:not(.elementor-drop-cap-view-default) .elementor-drop-cap{margin-top:8px}.elementor-widget-text-editor:not(.elementor-drop-cap-view-default) .elementor-drop-cap-letter{width:1em;height:1em}.elementor-widget-text-editor .elementor-drop-cap{float:left;text-align:center;line-height:1;font-size:50px}.elementor-widget-text-editor .elementor-drop-cap-letter{display:inline-block}<\/style>\t\t\t\t<p>Gianni Tomasulo ist viel herumgekommen in der Welt. Als \u00abFliegender Figaro\u00bb hat sich der Z\u00fcrcher Coiffeur einen Namen in London, den USA und bei renommierten Coiffeuren wie Rudolf H\u00e4ne, Vittorio 69, Danniel, Valentino und Vito gemacht. Der \u00abFliegende Figaro\u00bb ist bei Haargalerie in Z\u00fcrich (Kreis 1) eingemietet. Zahlreiche prominente Kunden aus Sport und Showbiz vertrauen Ihre Haare ausschliesslich Gianni Tomasulo an. So pr\u00e4gen seine Haar-Kreationen seit \u00fcber 20 Jahren die K\u00f6pfe der Stars und Sternchen.<\/p>\t\t\t\t\t\t<\/div>\n\t\t\t\t<\/div>\n\t\t\t\t\t<\/div>\n\t\t<\/div>\n\t\t\t\t\t<\/div>\n\t\t<\/section>\n\t\t\t\t\t<\/div>\n\t\t<\/div>\n\t\t\t\t\t<\/div>\n\t\t<\/section>\n\t\t\t\t<section class=\"elementor-section elementor-top-section elementor-element elementor-element-e1dad91 elementor-section-full_width elementor-section-height-min-height elementor-section-items-top elementor-section-height-default\" data-id=\"e1dad91\" data-element_type=\"section\" data-settings=\"{&quot;background_background&quot;:&quot;classic&quot;}\">\n\t\t\t\t\t\t<div class=\"elementor-container elementor-column-gap-default\">\n\t\t\t\t\t<div class=\"elementor-column elementor-col-100 elementor-top-column elementor-element elementor-element-dac15bb\" data-id=\"dac15bb\" data-element_type=\"column\">\n\t\t\t<div class=\"elementor-widget-wrap elementor-element-populated\">\n\t\t\t\t\t\t<div class=\"elementor-element elementor-element-18a0e88 elementor-widget elementor-widget-heading\" data-id=\"18a0e88\" data-element_type=\"widget\" data-widget_type=\"heading.default\">\n\t\t\t\t<div class=\"elementor-widget-container\">\n\t\t\t<h2 class=\"elementor-heading-title elementor-size-default\">In den Medien<\/h2>\t\t<\/div>\n\t\t\t\t<\/div>\n\t\t\t\t\t<\/div>\n\t\t<\/div>\n\t\t\t\t\t<\/div>\n\t\t<\/section>\n\t\t\t\t<section class=\"elementor-section elementor-top-section elementor-element elementor-element-556025d elementor-section-height-min-height elementor-section-boxed elementor-section-height-default elementor-section-items-middle\" data-id=\"556025d\" data-element_type=\"section\" data-settings=\"{&quot;background_background&quot;:&quot;classic&quot;}\">\n\t\t\t\t\t\t<div class=\"elementor-container elementor-column-gap-default\">\n\t\t\t\t\t<div class=\"elementor-column elementor-col-100 elementor-top-column elementor-element elementor-element-480fa47\" data-id=\"480fa47\" data-element_type=\"column\">\n\t\t\t<div class=\"elementor-widget-wrap elementor-element-populated\">\n\t\t\t\t\t\t<div class=\"elementor-element elementor-element-69b277f elementor-widget elementor-widget-heading\" data-id=\"69b277f\" data-element_type=\"widget\" data-widget_type=\"heading.default\">\n\t\t\t\t<div class=\"elementor-widget-container\">\n\t\t\t<h2 class=\"elementor-heading-title elementor-size-default\">PRESSE<\/h2>\t\t<\/div>\n\t\t\t\t<\/div>\n\t\t\t\t<div class=\"elementor-element elementor-element-e4fee4b elementor-widget elementor-widget-text-editor\" data-id=\"e4fee4b\" data-element_type=\"widget\" data-widget_type=\"text-editor.default\">\n\t\t\t\t<div class=\"elementor-widget-container\">\n\t\t\t\t\t\t\tStar-Coiffeur Gianni Tomasulo hatte sie alle: Promis wie Bar Rafaeli, John Travolta, Paris Hilton, Michelle Hunziker oder Eros Ramazotti begaben sich bereits in die H\u00e4nde des Spezialisten f\u00fcr Trendfarben und Styling. Der Coiffeur mit Erfahrungen in ber\u00fchmten Salons in Mailand, London, Athen, Z\u00fcrich und New York logiert mit seiner Haar-Galerie in exzellenter Lage. Als Fliegender Figaro schneidet und stylt der Top- Hairstylist der Amfar Gala des Cannes Festivals zudem langj\u00e4hrigen Stammkunden auch zu Hause die Haare.\n\n\t\t\t\t\t\t<\/div>\n\t\t\t\t<\/div>\n\t\t\t\t<div class=\"elementor-element elementor-element-55a2962 elementor-widget elementor-widget-text-editor\" data-id=\"55a2962\" data-element_type=\"widget\" data-widget_type=\"text-editor.default\">\n\t\t\t\t<div class=\"elementor-widget-container\">\n\t\t\t\t\t\t\tHier eine Reihe von Artikeln in Schweizer Zeitungen\t\t\t\t\t\t<\/div>\n\t\t\t\t<\/div>\n\t\t\t\t<div class=\"elementor-element elementor-element-f5607c7 elementor-widget elementor-widget-button\" data-id=\"f5607c7\" data-element_type=\"widget\" data-settings=\"{&quot;_animation&quot;:&quot;none&quot;}\" data-widget_type=\"button.default\">\n\t\t\t\t<div class=\"elementor-widget-container\">\n\t\t\t\t\t<div class=\"elementor-button-wrapper\">\n\t\t\t<a class=\"elementor-button elementor-button-link elementor-size-sm\" href=\"https:\/\/fliegender-figaro.ch\/wp-content\/uploads\/2023\/02\/gianni_presse_BW-komprimiert.pdf\">\n\t\t\t\t\t\t<span class=\"elementor-button-content-wrapper\">\n\t\t\t\t\t\t\t\t\t<span class=\"elementor-button-text\">Artikeln<\/span>\n\t\t\t\t\t<\/span>\n\t\t\t\t\t<\/a>\n\t\t<\/div>\n\t\t\t\t<\/div>\n\t\t\t\t<\/div>\n\t\t\t\t\t<\/div>\n\t\t<\/div>\n\t\t\t\t\t<\/div>\n\t\t<\/section>\n\t\t\t\t<section class=\"elementor-section elementor-top-section elementor-element elementor-element-d0cdf36 elementor-section-boxed elementor-section-height-default elementor-section-height-default\" data-id=\"d0cdf36\" data-element_type=\"section\" data-settings=\"{&quot;background_background&quot;:&quot;classic&quot;}\">\n\t\t\t\t\t\t<div class=\"elementor-container elementor-column-gap-default\">\n\t\t\t\t\t<div class=\"elementor-column elementor-col-25 elementor-top-column elementor-element elementor-element-cea848b\" data-id=\"cea848b\" data-element_type=\"column\">\n\t\t\t<div class=\"elementor-widget-wrap elementor-element-populated\">\n\t\t\t\t\t\t<div class=\"elementor-element elementor-element-f6c8598 elementor-widget elementor-widget-image\" data-id=\"f6c8598\" data-element_type=\"widget\" data-widget_type=\"image.default\">\n\t\t\t\t<div class=\"elementor-widget-container\">\n\t\t\t\t\t\t\t\t\t\t\t\t\t<img decoding=\"async\" width=\"800\" height=\"800\" src=\"https:\/\/fliegender-figaro.ch\/wp-content\/uploads\/2019\/04\/1-1024x1024.jpg\" class=\"attachment-large size-large wp-image-4068\" alt=\"\" srcset=\"https:\/\/fliegender-figaro.ch\/wp-content\/uploads\/2019\/04\/1-1024x1024.jpg 1024w, https:\/\/fliegender-figaro.ch\/wp-content\/uploads\/2019\/04\/1-300x300.jpg 300w, https:\/\/fliegender-figaro.ch\/wp-content\/uploads\/2019\/04\/1-150x150.jpg 150w, https:\/\/fliegender-figaro.ch\/wp-content\/uploads\/2019\/04\/1-768x768.jpg 768w, https:\/\/fliegender-figaro.ch\/wp-content\/uploads\/2019\/04\/1.jpg 1080w\" sizes=\"(max-width: 800px) 100vw, 800px\" \/>\t\t\t\t\t\t\t\t\t\t\t\t\t<\/div>\n\t\t\t\t<\/div>\n\t\t\t\t\t<\/div>\n\t\t<\/div>\n\t\t\t\t<div class=\"elementor-column elementor-col-25 elementor-top-column elementor-element elementor-element-6a6f66a\" data-id=\"6a6f66a\" data-element_type=\"column\">\n\t\t\t<div class=\"elementor-widget-wrap elementor-element-populated\">\n\t\t\t\t\t\t<div class=\"elementor-element elementor-element-9bd5698 elementor-widget elementor-widget-image\" data-id=\"9bd5698\" data-element_type=\"widget\" data-widget_type=\"image.default\">\n\t\t\t\t<div class=\"elementor-widget-container\">\n\t\t\t\t\t\t\t\t\t\t\t\t\t<img decoding=\"async\" width=\"800\" height=\"800\" src=\"https:\/\/fliegender-figaro.ch\/wp-content\/uploads\/2019\/04\/3-1024x1024.jpg\" class=\"attachment-large size-large wp-image-4070\" alt=\"\" srcset=\"https:\/\/fliegender-figaro.ch\/wp-content\/uploads\/2019\/04\/3-1024x1024.jpg 1024w, https:\/\/fliegender-figaro.ch\/wp-content\/uploads\/2019\/04\/3-300x300.jpg 300w, https:\/\/fliegender-figaro.ch\/wp-content\/uploads\/2019\/04\/3-150x150.jpg 150w, https:\/\/fliegender-figaro.ch\/wp-content\/uploads\/2019\/04\/3-768x768.jpg 768w, https:\/\/fliegender-figaro.ch\/wp-content\/uploads\/2019\/04\/3.jpg 1080w\" sizes=\"(max-width: 800px) 100vw, 800px\" \/>\t\t\t\t\t\t\t\t\t\t\t\t\t<\/div>\n\t\t\t\t<\/div>\n\t\t\t\t\t<\/div>\n\t\t<\/div>\n\t\t\t\t<div class=\"elementor-column elementor-col-25 elementor-top-column elementor-element elementor-element-388ce16\" data-id=\"388ce16\" data-element_type=\"column\">\n\t\t\t<div class=\"elementor-widget-wrap elementor-element-populated\">\n\t\t\t\t\t\t<div class=\"elementor-element elementor-element-21389c5 elementor-widget elementor-widget-image\" data-id=\"21389c5\" data-element_type=\"widget\" data-widget_type=\"image.default\">\n\t\t\t\t<div class=\"elementor-widget-container\">\n\t\t\t\t\t\t\t\t\t\t\t\t\t<img loading=\"lazy\" decoding=\"async\" width=\"800\" height=\"800\" src=\"https:\/\/fliegender-figaro.ch\/wp-content\/uploads\/2019\/04\/2-1024x1024.jpg\" class=\"attachment-large size-large wp-image-4069\" alt=\"\" srcset=\"https:\/\/fliegender-figaro.ch\/wp-content\/uploads\/2019\/04\/2-1024x1024.jpg 1024w, https:\/\/fliegender-figaro.ch\/wp-content\/uploads\/2019\/04\/2-300x300.jpg 300w, https:\/\/fliegender-figaro.ch\/wp-content\/uploads\/2019\/04\/2-150x150.jpg 150w, https:\/\/fliegender-figaro.ch\/wp-content\/uploads\/2019\/04\/2-768x768.jpg 768w, https:\/\/fliegender-figaro.ch\/wp-content\/uploads\/2019\/04\/2.jpg 1080w\" sizes=\"(max-width: 800px) 100vw, 800px\" \/>\t\t\t\t\t\t\t\t\t\t\t\t\t<\/div>\n\t\t\t\t<\/div>\n\t\t\t\t\t<\/div>\n\t\t<\/div>\n\t\t\t\t<div class=\"elementor-column elementor-col-25 elementor-top-column elementor-element elementor-element-baac118\" data-id=\"baac118\" data-element_type=\"column\">\n\t\t\t<div class=\"elementor-widget-wrap elementor-element-populated\">\n\t\t\t\t\t\t<div class=\"elementor-element elementor-element-de58d11 elementor-widget elementor-widget-image\" data-id=\"de58d11\" data-element_type=\"widget\" data-widget_type=\"image.default\">\n\t\t\t\t<div class=\"elementor-widget-container\">\n\t\t\t\t\t\t\t\t\t\t\t\t\t<img loading=\"lazy\" decoding=\"async\" width=\"800\" height=\"800\" src=\"https:\/\/fliegender-figaro.ch\/wp-content\/uploads\/2019\/04\/4-1024x1024.jpg\" class=\"attachment-large size-large wp-image-4071\" alt=\"\" srcset=\"https:\/\/fliegender-figaro.ch\/wp-content\/uploads\/2019\/04\/4-1024x1024.jpg 1024w, https:\/\/fliegender-figaro.ch\/wp-content\/uploads\/2019\/04\/4-300x300.jpg 300w, https:\/\/fliegender-figaro.ch\/wp-content\/uploads\/2019\/04\/4-150x150.jpg 150w, https:\/\/fliegender-figaro.ch\/wp-content\/uploads\/2019\/04\/4-768x768.jpg 768w, https:\/\/fliegender-figaro.ch\/wp-content\/uploads\/2019\/04\/4.jpg 1080w\" sizes=\"(max-width: 800px) 100vw, 800px\" \/>\t\t\t\t\t\t\t\t\t\t\t\t\t<\/div>\n\t\t\t\t<\/div>\n\t\t\t\t\t<\/div>\n\t\t<\/div>\n\t\t\t\t\t<\/div>\n\t\t<\/section>\n\t\t\t\t<\/div>\n\t\t","protected":false},"excerpt":{"rendered":"<p>Fashion FIGARO &#8211; SEIT 1985 \u00dcBER MICH Gianni Tomasulo ist viel herumgekommen in der Welt. Als \u00abFliegender Figaro\u00bb hat sich der Z\u00fcrcher Coiffeur einen Namen in London, den USA und bei renommierten Coiffeuren wie Rudolf H\u00e4ne, Vittorio 69, Danniel, Valentino und Vito gemacht. Der \u00abFliegende Figaro\u00bb ist bei Haargalerie in Z\u00fcrich (Kreis 1) eingemietet. Zahlreiche [&hellip;]<\/p>\n","protected":false},"author":2,"featured_media":4069,"parent":0,"menu_order":0,"comment_status":"closed","ping_status":"closed","template":"","meta":{"footnotes":""},"class_list":["post-4499","page","type-page","status-publish","has-post-thumbnail","hentry"],"yoast_head":"<!-- This site is optimized with the Yoast SEO plugin v22.5 - https:\/\/yoast.com\/wordpress\/plugins\/seo\/ -->\n<title>GIANNI - Fliegender Figaro<\/title>\n<meta name=\"description\" content=\"frisurentrends guter coiffeur Z\u00fcrich Schnitt-Trends 2022 New York Paris Milan coiffeur Z\u00fcrich frauen m\u00e8che ombr\u00e8 balayage Olapex Behandlung Hochzeipaket Haarverl\u00e4ngerung Keratin-Haargl\u00e4ttung italienischem Charme\" \/>\n<meta name=\"robots\" content=\"index, follow, max-snippet:-1, max-image-preview:large, max-video-preview:-1\" \/>\n<link rel=\"canonical\" href=\"https:\/\/fliegender-figaro.ch\/index.php\/gianni-2\/\" \/>\n<meta property=\"og:locale\" content=\"de_DE\" \/>\n<meta property=\"og:type\" content=\"article\" \/>\n<meta property=\"og:title\" content=\"GIANNI - Fliegender Figaro\" \/>\n<meta property=\"og:description\" content=\"frisurentrends guter coiffeur Z\u00fcrich Schnitt-Trends 2022 New York Paris Milan coiffeur Z\u00fcrich frauen m\u00e8che ombr\u00e8 balayage Olapex Behandlung Hochzeipaket Haarverl\u00e4ngerung Keratin-Haargl\u00e4ttung italienischem Charme\" \/>\n<meta property=\"og:url\" content=\"https:\/\/fliegender-figaro.ch\/index.php\/gianni-2\/\" \/>\n<meta property=\"og:site_name\" content=\"Fliegender Figaro\" \/>\n<meta property=\"article:modified_time\" content=\"2024-03-05T10:16:48+00:00\" \/>\n<meta property=\"og:image\" content=\"https:\/\/fliegender-figaro.ch\/wp-content\/uploads\/2019\/04\/2.jpg\" \/>\n\t<meta property=\"og:image:width\" content=\"1080\" \/>\n\t<meta property=\"og:image:height\" content=\"1080\" \/>\n\t<meta property=\"og:image:type\" content=\"image\/jpeg\" \/>\n<meta name=\"twitter:card\" content=\"summary_large_image\" \/>\n<meta name=\"twitter:label1\" content=\"Gesch\u00e4tzte Lesezeit\" \/>\n\t<meta name=\"twitter:data1\" content=\"3\u00a0Minuten\" \/>\n<script type=\"application\/ld+json\" class=\"yoast-schema-graph\">{\"@context\":\"https:\/\/schema.org\",\"@graph\":[{\"@type\":\"WebPage\",\"@id\":\"https:\/\/fliegender-figaro.ch\/index.php\/gianni-2\/\",\"url\":\"https:\/\/fliegender-figaro.ch\/index.php\/gianni-2\/\",\"name\":\"GIANNI - Fliegender Figaro\",\"isPartOf\":{\"@id\":\"https:\/\/fliegender-figaro.ch\/#website\"},\"primaryImageOfPage\":{\"@id\":\"https:\/\/fliegender-figaro.ch\/index.php\/gianni-2\/#primaryimage\"},\"image\":{\"@id\":\"https:\/\/fliegender-figaro.ch\/index.php\/gianni-2\/#primaryimage\"},\"thumbnailUrl\":\"https:\/\/fliegender-figaro.ch\/wp-content\/uploads\/2019\/04\/2.jpg\",\"datePublished\":\"2022-10-19T14:31:08+00:00\",\"dateModified\":\"2024-03-05T10:16:48+00:00\",\"description\":\"frisurentrends guter coiffeur Z\u00fcrich Schnitt-Trends 2022 New York Paris Milan coiffeur Z\u00fcrich frauen m\u00e8che ombr\u00e8 balayage Olapex Behandlung Hochzeipaket Haarverl\u00e4ngerung Keratin-Haargl\u00e4ttung italienischem Charme\",\"breadcrumb\":{\"@id\":\"https:\/\/fliegender-figaro.ch\/index.php\/gianni-2\/#breadcrumb\"},\"inLanguage\":\"de\",\"potentialAction\":[{\"@type\":\"ReadAction\",\"target\":[\"https:\/\/fliegender-figaro.ch\/index.php\/gianni-2\/\"]}]},{\"@type\":\"ImageObject\",\"inLanguage\":\"de\",\"@id\":\"https:\/\/fliegender-figaro.ch\/index.php\/gianni-2\/#primaryimage\",\"url\":\"https:\/\/fliegender-figaro.ch\/wp-content\/uploads\/2019\/04\/2.jpg\",\"contentUrl\":\"https:\/\/fliegender-figaro.ch\/wp-content\/uploads\/2019\/04\/2.jpg\",\"width\":1080,\"height\":1080},{\"@type\":\"BreadcrumbList\",\"@id\":\"https:\/\/fliegender-figaro.ch\/index.php\/gianni-2\/#breadcrumb\",\"itemListElement\":[{\"@type\":\"ListItem\",\"position\":1,\"name\":\"Startseite\",\"item\":\"https:\/\/fliegender-figaro.ch\/\"},{\"@type\":\"ListItem\",\"position\":2,\"name\":\"GIANNI\"}]},{\"@type\":\"WebSite\",\"@id\":\"https:\/\/fliegender-figaro.ch\/#website\",\"url\":\"https:\/\/fliegender-figaro.ch\/\",\"name\":\"Fliegender Figaro\",\"description\":\"\",\"publisher\":{\"@id\":\"https:\/\/fliegender-figaro.ch\/#organization\"},\"potentialAction\":[{\"@type\":\"SearchAction\",\"target\":{\"@type\":\"EntryPoint\",\"urlTemplate\":\"https:\/\/fliegender-figaro.ch\/?s={search_term_string}\"},\"query-input\":\"required name=search_term_string\"}],\"inLanguage\":\"de\"},{\"@type\":\"Organization\",\"@id\":\"https:\/\/fliegender-figaro.ch\/#organization\",\"name\":\"Fliegender Figaro\",\"url\":\"https:\/\/fliegender-figaro.ch\/\",\"logo\":{\"@type\":\"ImageObject\",\"inLanguage\":\"de\",\"@id\":\"https:\/\/fliegender-figaro.ch\/#\/schema\/logo\/image\/\",\"url\":\"https:\/\/fliegender-figaro.ch\/wp-content\/uploads\/2023\/02\/cropped-Neue_Logo_2023.png\",\"contentUrl\":\"https:\/\/fliegender-figaro.ch\/wp-content\/uploads\/2023\/02\/cropped-Neue_Logo_2023.png\",\"width\":471,\"height\":311,\"caption\":\"Fliegender Figaro\"},\"image\":{\"@id\":\"https:\/\/fliegender-figaro.ch\/#\/schema\/logo\/image\/\"}}]}<\/script>\n<!-- \/ Yoast SEO plugin. -->","yoast_head_json":{"title":"GIANNI - Fliegender Figaro","description":"frisurentrends guter coiffeur Z\u00fcrich Schnitt-Trends 2022 New York Paris Milan coiffeur Z\u00fcrich frauen m\u00e8che ombr\u00e8 balayage Olapex Behandlung Hochzeipaket Haarverl\u00e4ngerung Keratin-Haargl\u00e4ttung italienischem Charme","robots":{"index":"index","follow":"follow","max-snippet":"max-snippet:-1","max-image-preview":"max-image-preview:large","max-video-preview":"max-video-preview:-1"},"canonical":"https:\/\/fliegender-figaro.ch\/index.php\/gianni-2\/","og_locale":"de_DE","og_type":"article","og_title":"GIANNI - Fliegender Figaro","og_description":"frisurentrends guter coiffeur Z\u00fcrich Schnitt-Trends 2022 New York Paris Milan coiffeur Z\u00fcrich frauen m\u00e8che ombr\u00e8 balayage Olapex Behandlung Hochzeipaket Haarverl\u00e4ngerung Keratin-Haargl\u00e4ttung italienischem Charme","og_url":"https:\/\/fliegender-figaro.ch\/index.php\/gianni-2\/","og_site_name":"Fliegender Figaro","article_modified_time":"2024-03-05T10:16:48+00:00","og_image":[{"width":1080,"height":1080,"url":"https:\/\/fliegender-figaro.ch\/wp-content\/uploads\/2019\/04\/2.jpg","type":"image\/jpeg"}],"twitter_card":"summary_large_image","twitter_misc":{"Gesch\u00e4tzte Lesezeit":"3\u00a0Minuten"},"schema":{"@context":"https:\/\/schema.org","@graph":[{"@type":"WebPage","@id":"https:\/\/fliegender-figaro.ch\/index.php\/gianni-2\/","url":"https:\/\/fliegender-figaro.ch\/index.php\/gianni-2\/","name":"GIANNI - Fliegender Figaro","isPartOf":{"@id":"https:\/\/fliegender-figaro.ch\/#website"},"primaryImageOfPage":{"@id":"https:\/\/fliegender-figaro.ch\/index.php\/gianni-2\/#primaryimage"},"image":{"@id":"https:\/\/fliegender-figaro.ch\/index.php\/gianni-2\/#primaryimage"},"thumbnailUrl":"https:\/\/fliegender-figaro.ch\/wp-content\/uploads\/2019\/04\/2.jpg","datePublished":"2022-10-19T14:31:08+00:00","dateModified":"2024-03-05T10:16:48+00:00","description":"frisurentrends guter coiffeur Z\u00fcrich Schnitt-Trends 2022 New York Paris Milan coiffeur Z\u00fcrich frauen m\u00e8che ombr\u00e8 balayage Olapex Behandlung Hochzeipaket Haarverl\u00e4ngerung Keratin-Haargl\u00e4ttung italienischem Charme","breadcrumb":{"@id":"https:\/\/fliegender-figaro.ch\/index.php\/gianni-2\/#breadcrumb"},"inLanguage":"de","potentialAction":[{"@type":"ReadAction","target":["https:\/\/fliegender-figaro.ch\/index.php\/gianni-2\/"]}]},{"@type":"ImageObject","inLanguage":"de","@id":"https:\/\/fliegender-figaro.ch\/index.php\/gianni-2\/#primaryimage","url":"https:\/\/fliegender-figaro.ch\/wp-content\/uploads\/2019\/04\/2.jpg","contentUrl":"https:\/\/fliegender-figaro.ch\/wp-content\/uploads\/2019\/04\/2.jpg","width":1080,"height":1080},{"@type":"BreadcrumbList","@id":"https:\/\/fliegender-figaro.ch\/index.php\/gianni-2\/#breadcrumb","itemListElement":[{"@type":"ListItem","position":1,"name":"Startseite","item":"https:\/\/fliegender-figaro.ch\/"},{"@type":"ListItem","position":2,"name":"GIANNI"}]},{"@type":"WebSite","@id":"https:\/\/fliegender-figaro.ch\/#website","url":"https:\/\/fliegender-figaro.ch\/","name":"Fliegender Figaro","description":"","publisher":{"@id":"https:\/\/fliegender-figaro.ch\/#organization"},"potentialAction":[{"@type":"SearchAction","target":{"@type":"EntryPoint","urlTemplate":"https:\/\/fliegender-figaro.ch\/?s={search_term_string}"},"query-input":"required name=search_term_string"}],"inLanguage":"de"},{"@type":"Organization","@id":"https:\/\/fliegender-figaro.ch\/#organization","name":"Fliegender Figaro","url":"https:\/\/fliegender-figaro.ch\/","logo":{"@type":"ImageObject","inLanguage":"de","@id":"https:\/\/fliegender-figaro.ch\/#\/schema\/logo\/image\/","url":"https:\/\/fliegender-figaro.ch\/wp-content\/uploads\/2023\/02\/cropped-Neue_Logo_2023.png","contentUrl":"https:\/\/fliegender-figaro.ch\/wp-content\/uploads\/2023\/02\/cropped-Neue_Logo_2023.png","width":471,"height":311,"caption":"Fliegender Figaro"},"image":{"@id":"https:\/\/fliegender-figaro.ch\/#\/schema\/logo\/image\/"}}]}},"_links":{"self":[{"href":"https:\/\/fliegender-figaro.ch\/index.php\/wp-json\/wp\/v2\/pages\/4499","targetHints":{"allow":["GET"]}}],"collection":[{"href":"https:\/\/fliegender-figaro.ch\/index.php\/wp-json\/wp\/v2\/pages"}],"about":[{"href":"https:\/\/fliegender-figaro.ch\/index.php\/wp-json\/wp\/v2\/types\/page"}],"author":[{"embeddable":true,"href":"https:\/\/fliegender-figaro.ch\/index.php\/wp-json\/wp\/v2\/users\/2"}],"replies":[{"embeddable":true,"href":"https:\/\/fliegender-figaro.ch\/index.php\/wp-json\/wp\/v2\/comments?post=4499"}],"version-history":[{"count":32,"href":"https:\/\/fliegender-figaro.ch\/index.php\/wp-json\/wp\/v2\/pages\/4499\/revisions"}],"predecessor-version":[{"id":4746,"href":"https:\/\/fliegender-figaro.ch\/index.php\/wp-json\/wp\/v2\/pages\/4499\/revisions\/4746"}],"wp:featuredmedia":[{"embeddable":true,"href":"https:\/\/fliegender-figaro.ch\/index.php\/wp-json\/wp\/v2\/media\/4069"}],"wp:attachment":[{"href":"https:\/\/fliegender-figaro.ch\/index.php\/wp-json\/wp\/v2\/media?parent=4499"}],"curies":[{"name":"wp","href":"https:\/\/api.w.org\/{rel}","templated":true}]}}